{"id":49,"date":"2024-04-17T21:14:10","date_gmt":"2024-04-17T19:14:10","guid":{"rendered":"https:\/\/www.burtscheider-sv.de\/wordpress\/?page_id=49"},"modified":"2024-08-16T17:51:23","modified_gmt":"2024-08-16T15:51:23","slug":"training","status":"publish","type":"page","link":"https:\/\/www.burtscheider-sv.de\/wordpress\/abteilungen\/rock-n-roll\/training\/","title":{"rendered":"Training"},"content":{"rendered":"\n<p>Unser <strong>Formationstraining<\/strong> findet <strong>Mittwochs <\/strong>abends um <strong>20:00 Uhr<\/strong> in der <strong>Peliserkerstra\u00dfe<\/strong> in der Sporthalle der Hugo Junkers Realschule (N\u00e4he Bl\u00fccherplatz) statt.<\/p>\n\n\n\n<p>F\u00fcr <strong>Einsteiger und Fortgeschrittene<\/strong> bieten wir ab Oktober 2024 auch eine Trainingszeit an, in der die Inhalte des Uni-Kurses vertieft werden. Dies richtet sich an Einsteiger sowie fortgeschrittene Einsteiger. <br>Dieser Kurs findet <strong>mittwochs<\/strong> von <strong>18:30 Uhr bis 20:00 Uhr<\/strong> ebenfalls in der Sporthalle der Hugo-Junkers-Realschule statt.<\/p>\n\n\n\n<p><strong>Montags<\/strong> abends um <strong>20:00 Uhr<\/strong> gibt es ein <strong>freies Trainnig<\/strong> ohne festes Programm in der <strong>Minoritenstra\u00dfe<\/strong>.<\/p>\n\n\n\n<p>Da die meisten unserer Mitglieder erst an der Uni mit Rock\u2019n\u2019Roll angefangen haben, aber kaum jemand die Gruppe verl\u00e4sst, solange er in Aachen wohnt, reicht die Tanzerfahrung unserer Paare von ca. 6 Monaten bis zu \u00fcber 10 Jahren.<\/p>\n\n\n\n<p>Im freien Training k\u00fcmmern sich entweder die Trainer oder ein paar alte Hasen fast immer intensiv um Anf\u00e4nger. Die erfahreneren Mitglieder arbeiten h\u00e4ufiger auch schon mal selbstst\u00e4ndig an eigenen Tanzfolgen oder helfen sich gegenseitig beim Akrobatiktraining.<\/p>\n","protected":false},"excerpt":{"rendered":"<p>Unser Formationstraining findet Mittwochs abends um 20:00 Uhr in der Peliserkerstra\u00dfe in der Sporthalle der Hugo Junkers Realschule (N\u00e4he Bl\u00fccherplatz) statt. F\u00fcr Einsteiger und Fortgeschrittene bieten wir ab Oktober 2024 auch eine Trainingszeit an, in der die Inhalte des Uni-Kurses vertieft werden. Dies richtet sich an Einsteiger sowie fortgeschrittene Einsteiger. Dieser Kurs findet mittwochs von <span class=\"ellipsis\">&hellip;<\/span> <span class=\"more-link-wrap\"><a href=\"https:\/\/www.burtscheider-sv.de\/wordpress\/abteilungen\/rock-n-roll\/training\/\" class=\"more-link\"><span>Read More &rarr;<\/span><\/a><\/span><\/p>\n","protected":false},"author":1,"featured_media":0,"parent":25,"menu_order":0,"comment_status":"closed","ping_status":"closed","template":"","meta":{"footnotes":""},"class_list":["post-49","page","type-page","status-publish","hentry"],"_links":{"self":[{"href":"https:\/\/www.burtscheider-sv.de\/wordpress\/wp-json\/wp\/v2\/pages\/49","targetHints":{"allow":["GET"]}}],"collection":[{"href":"https:\/\/www.burtscheider-sv.de\/wordpress\/wp-json\/wp\/v2\/pages"}],"about":[{"href":"https:\/\/www.burtscheider-sv.de\/wordpress\/wp-json\/wp\/v2\/types\/page"}],"author":[{"embeddable":true,"href":"https:\/\/www.burtscheider-sv.de\/wordpress\/wp-json\/wp\/v2\/users\/1"}],"replies":[{"embeddable":true,"href":"https:\/\/www.burtscheider-sv.de\/wordpress\/wp-json\/wp\/v2\/comments?post=49"}],"version-history":[{"count":4,"href":"https:\/\/www.burtscheider-sv.de\/wordpress\/wp-json\/wp\/v2\/pages\/49\/revisions"}],"predecessor-version":[{"id":263,"href":"https:\/\/www.burtscheider-sv.de\/wordpress\/wp-json\/wp\/v2\/pages\/49\/revisions\/263"}],"up":[{"embeddable":true,"href":"https:\/\/www.burtscheider-sv.de\/wordpress\/wp-json\/wp\/v2\/pages\/25"}],"wp:attachment":[{"href":"https:\/\/www.burtscheider-sv.de\/wordpress\/wp-json\/wp\/v2\/media?parent=49"}],"curies":[{"name":"wp","href":"https:\/\/api.w.org\/{rel}","templated":true}]}}