{"id":45,"date":"2024-04-17T21:12:24","date_gmt":"2024-04-17T19:12:24","guid":{"rendered":"https:\/\/www.burtscheider-sv.de\/wordpress\/?page_id=45"},"modified":"2024-04-17T21:38:32","modified_gmt":"2024-04-17T19:38:32","slug":"videos","status":"publish","type":"page","link":"https:\/\/www.burtscheider-sv.de\/wordpress\/abteilungen\/tai-chi-chuan\/videos\/","title":{"rendered":"Videos"},"content":{"rendered":"\n<p><strong>Einen Einblick gibt der Trainer auf seinem Youtube-Channel AC Tai Chi Chuan<\/strong><\/p>\n\n\n\n<figure class=\"wp-block-image size-full is-resized\"><a href=\"https:\/\/www.youtube.com\/channel\/UCHqbGj9zEWBr0lNzD57M_Kg\"><img loading=\"lazy\" decoding=\"async\" width=\"1646\" height=\"338\" src=\"https:\/\/www.burtscheider-sv.de\/wordpress\/wp-content\/uploads\/2024\/04\/tai_chi_chuan_youtube_header.png\" alt=\"\" class=\"wp-image-67\" style=\"width:841px;height:auto\" srcset=\"https:\/\/www.burtscheider-sv.de\/wordpress\/wp-content\/uploads\/2024\/04\/tai_chi_chuan_youtube_header.png 1646w, https:\/\/www.burtscheider-sv.de\/wordpress\/wp-content\/uploads\/2024\/04\/tai_chi_chuan_youtube_header-300x62.png 300w, https:\/\/www.burtscheider-sv.de\/wordpress\/wp-content\/uploads\/2024\/04\/tai_chi_chuan_youtube_header-1024x210.png 1024w, https:\/\/www.burtscheider-sv.de\/wordpress\/wp-content\/uploads\/2024\/04\/tai_chi_chuan_youtube_header-768x158.png 768w, https:\/\/www.burtscheider-sv.de\/wordpress\/wp-content\/uploads\/2024\/04\/tai_chi_chuan_youtube_header-1536x315.png 1536w\" sizes=\"auto, (max-width: 1646px) 100vw, 1646px\" \/><\/a><\/figure>\n\n\n\n<p><strong>Einen sch\u00f6nen Trainings\u00fcberblick bietet das Video von Wudang Tai Chi Paris<\/strong><\/p>\n\n\n\n<figure class=\"wp-block-embed is-type-video is-provider-youtube wp-block-embed-youtube wp-embed-aspect-4-3 wp-has-aspect-ratio\"><div class=\"wp-block-embed__wrapper\">\n<iframe loading=\"lazy\" title=\"Tai chi chuan, Wudang Paris (Practical tai chi chuan)\" width=\"580\" height=\"435\" src=\"https:\/\/www.youtube.com\/embed\/hrVH1CH8ZeU?feature=oembed\" frameborder=\"0\" allow=\"accelerometer; autoplay; clipboard-write; encrypted-media; gyroscope; picture-in-picture; web-share\" referrerpolicy=\"strict-origin-when-cross-origin\" allowfullscreen><\/iframe>\n<\/div><\/figure>\n\n\n\n<p><strong>Generelles \u00fcber Tai Chi Chuan von Dan Docherty<\/strong><\/p>\n\n\n\n<figure class=\"wp-block-embed is-type-video is-provider-youtube wp-block-embed-youtube wp-embed-aspect-4-3 wp-has-aspect-ratio\"><div class=\"wp-block-embed__wrapper\">\n<iframe loading=\"lazy\" title=\"Wudang Tai Chi 1991 Cable TV Demo\" width=\"580\" height=\"435\" src=\"https:\/\/www.youtube.com\/embed\/mhCFI3K6hmU?feature=oembed\" frameborder=\"0\" allow=\"accelerometer; autoplay; clipboard-write; encrypted-media; gyroscope; picture-in-picture; web-share\" referrerpolicy=\"strict-origin-when-cross-origin\" allowfullscreen><\/iframe>\n<\/div><\/figure>\n\n\n\n<p><strong>Schwertform von Dan Docherty<\/strong><\/p>\n\n\n\n<p>Das Video steht leider auf YouTube nicht mehr zur Verf\u00fcgung.<\/p>\n\n\n\n<p><strong>Handform von Paul Silverstrale<\/strong><\/p>\n\n\n\n<figure class=\"wp-block-embed is-type-video is-provider-youtube wp-block-embed-youtube wp-embed-aspect-4-3 wp-has-aspect-ratio\"><div class=\"wp-block-embed__wrapper\">\n<iframe loading=\"lazy\" title=\"Wudang Practical Tai Chi Chuan Short Handform\" width=\"580\" height=\"435\" src=\"https:\/\/www.youtube.com\/embed\/N8br41K3gg4?feature=oembed\" frameborder=\"0\" allow=\"accelerometer; autoplay; clipboard-write; encrypted-media; gyroscope; picture-in-picture; web-share\" referrerpolicy=\"strict-origin-when-cross-origin\" allowfullscreen><\/iframe>\n<\/div><\/figure>\n","protected":false},"excerpt":{"rendered":"<p>Einen Einblick gibt der Trainer auf seinem Youtube-Channel AC Tai Chi Chuan Einen sch\u00f6nen Trainings\u00fcberblick bietet das Video von Wudang Tai Chi Paris Generelles \u00fcber Tai Chi Chuan von Dan Docherty Schwertform von Dan Docherty Das Video steht leider auf YouTube nicht mehr zur Verf\u00fcgung. Handform von Paul Silverstrale<\/p>\n","protected":false},"author":1,"featured_media":0,"parent":23,"menu_order":100,"comment_status":"closed","ping_status":"closed","template":"","meta":{"footnotes":""},"class_list":["post-45","page","type-page","status-publish","hentry"],"_links":{"self":[{"href":"https:\/\/www.burtscheider-sv.de\/wordpress\/wp-json\/wp\/v2\/pages\/45","targetHints":{"allow":["GET"]}}],"collection":[{"href":"https:\/\/www.burtscheider-sv.de\/wordpress\/wp-json\/wp\/v2\/pages"}],"about":[{"href":"https:\/\/www.burtscheider-sv.de\/wordpress\/wp-json\/wp\/v2\/types\/page"}],"author":[{"embeddable":true,"href":"https:\/\/www.burtscheider-sv.de\/wordpress\/wp-json\/wp\/v2\/users\/1"}],"replies":[{"embeddable":true,"href":"https:\/\/www.burtscheider-sv.de\/wordpress\/wp-json\/wp\/v2\/comments?post=45"}],"version-history":[{"count":3,"href":"https:\/\/www.burtscheider-sv.de\/wordpress\/wp-json\/wp\/v2\/pages\/45\/revisions"}],"predecessor-version":[{"id":68,"href":"https:\/\/www.burtscheider-sv.de\/wordpress\/wp-json\/wp\/v2\/pages\/45\/revisions\/68"}],"up":[{"embeddable":true,"href":"https:\/\/www.burtscheider-sv.de\/wordpress\/wp-json\/wp\/v2\/pages\/23"}],"wp:attachment":[{"href":"https:\/\/www.burtscheider-sv.de\/wordpress\/wp-json\/wp\/v2\/media?parent=45"}],"curies":[{"name":"wp","href":"https:\/\/api.w.org\/{rel}","templated":true}]}}