{"id":2,"date":"2024-04-17T20:25:05","date_gmt":"2024-04-17T18:25:05","guid":{"rendered":"https:\/\/www.burtscheider-sv.de\/wordpress\/?page_id=2"},"modified":"2024-04-17T23:13:51","modified_gmt":"2024-04-17T21:13:51","slug":"beispiel-seite","status":"publish","type":"page","link":"https:\/\/www.burtscheider-sv.de\/wordpress\/","title":{"rendered":"Verein"},"content":{"rendered":"\n<p>Willkommen beim \u2026<\/p>\n\n\n\n<h3 class=\"wp-block-heading\"><strong>Burtscheider Schwimmverein Aachen 1973 e.V.<\/strong><\/h3>\n\n\n\n<p>Mit den Schwimmern hat es vor vielen Jahren mit dem Vereinsleben im Burtscheider Schwimmverein (BSV) einmal angefangen. Die Zeiten \u00e4ndern sich, der Name ist geblieben, heute spielen wir im BSV <strong>Volleyball<\/strong> und bieten <strong>Tai Chi <\/strong>und<strong> Rock \u2019n\u2018 Roll<\/strong> an.<\/p>\n\n\n\n<h3 class=\"wp-block-heading\"><strong>Volleyball<\/strong><\/h3>\n\n\n\n<p>Der Schwerpunkt im Volleyball liegt im Mixed, wo drei Gruppen in unterschiedlichen Spielst\u00e4rken regelm\u00e4\u00dfig trainieren und immer f\u00fcr neue Mitspieler offen sind.<br>Unter dem Men\u00fcpunkt <strong>Abteilungen -&gt; Volleyball<\/strong> findet ihr mehr Informationen dazu.<\/p>\n\n\n\n<p>In den Sommermonaten wird&nbsp; <strong>Beachvolleyball<\/strong> gespielt.&nbsp; Bei Interesse einfach per Mail die Details erfragen.<\/p>\n\n\n\n<h3 class=\"wp-block-heading\"><strong><strong>Tai Chi Chuan<\/strong><\/strong><\/h3>\n\n\n\n<p>Wir bieten Tai Chi Chuan der Stilrichtung Wudang-Stil oder auch Practical Tai Chi Chuan nach Dan Docherty an. Trainiert wird sowohl die Handform als auch die Waffenformen Speer, S\u00e4bel und Schwert, sowie Partner\u00fcbungen des Tui Shou (Pushing Hands) und San Shou (Selbstverteidigung).<\/p>\n\n\n\n<h3 class=\"wp-block-heading\"><strong>Rock &#8217;n&#8216; Roll<\/strong><\/h3>\n\n\n\n<p>Die j\u00fcngste Abteilung im Verein war urspr\u00fcnglich eine Sportgruppe beim Hochschulsport der RWTH Aachen. Wir sind die Showtanzformation \u201eRock la Chapelle\u201c und nehmen auch <a href=\"https:\/\/www.burtscheider-sv.de\/wordpress\/abteilungen\/rock-n-roll\/kontakt\/\" data-type=\"page\" data-id=\"53\">Auftrittsanfragen<\/a> gerne entgegen.<\/p>\n\n\n\n<p>Wir freuen uns Euer Interesse geweckt zu haben und Euch bald kennen zu lernen. Schickt uns einfach eine Mail oder kommt direkt in die Hallen.<\/p>\n\n\n\n<p>Vorstand des BSV<\/p>\n","protected":false},"excerpt":{"rendered":"<p>Willkommen beim \u2026 Burtscheider Schwimmverein Aachen 1973 e.V. Mit den Schwimmern hat es vor vielen Jahren mit dem Vereinsleben im Burtscheider Schwimmverein (BSV) einmal angefangen. Die Zeiten \u00e4ndern sich, der Name ist geblieben, heute spielen wir im BSV Volleyball und bieten Tai Chi und Rock \u2019n\u2018 Roll an. Volleyball Der Schwerpunkt im Volleyball liegt im <span class=\"ellipsis\">&hellip;<\/span> <span class=\"more-link-wrap\"><a href=\"https:\/\/www.burtscheider-sv.de\/wordpress\/\" class=\"more-link\"><span>Read More &rarr;<\/span><\/a><\/span><\/p>\n","protected":false},"author":1,"featured_media":0,"parent":0,"menu_order":0,"comment_status":"closed","ping_status":"closed","template":"","meta":{"footnotes":""},"class_list":["post-2","page","type-page","status-publish","hentry"],"_links":{"self":[{"href":"https:\/\/www.burtscheider-sv.de\/wordpress\/wp-json\/wp\/v2\/pages\/2","targetHints":{"allow":["GET"]}}],"collection":[{"href":"https:\/\/www.burtscheider-sv.de\/wordpress\/wp-json\/wp\/v2\/pages"}],"about":[{"href":"https:\/\/www.burtscheider-sv.de\/wordpress\/wp-json\/wp\/v2\/types\/page"}],"author":[{"embeddable":true,"href":"https:\/\/www.burtscheider-sv.de\/wordpress\/wp-json\/wp\/v2\/users\/1"}],"replies":[{"embeddable":true,"href":"https:\/\/www.burtscheider-sv.de\/wordpress\/wp-json\/wp\/v2\/comments?post=2"}],"version-history":[{"count":14,"href":"https:\/\/www.burtscheider-sv.de\/wordpress\/wp-json\/wp\/v2\/pages\/2\/revisions"}],"predecessor-version":[{"id":243,"href":"https:\/\/www.burtscheider-sv.de\/wordpress\/wp-json\/wp\/v2\/pages\/2\/revisions\/243"}],"wp:attachment":[{"href":"https:\/\/www.burtscheider-sv.de\/wordpress\/wp-json\/wp\/v2\/media?parent=2"}],"curies":[{"name":"wp","href":"https:\/\/api.w.org\/{rel}","templated":true}]}}