{"id":14,"date":"2024-04-17T21:05:51","date_gmt":"2024-04-17T19:05:51","guid":{"rendered":"https:\/\/www.burtscheider-sv.de\/wordpress\/?page_id=14"},"modified":"2024-04-19T10:53:19","modified_gmt":"2024-04-19T08:53:19","slug":"formulare","status":"publish","type":"page","link":"https:\/\/www.burtscheider-sv.de\/wordpress\/beispiel-seite\/formulare\/","title":{"rendered":"Formulare"},"content":{"rendered":"\n<p>Wir wollen den administrativen Aufwand f\u00fcr die Mitglieder so gering wie m\u00f6glich halten.<\/p>\n\n\n\n<p>Die K\u00fcndigung ist 14 Tage zum Ende eines Monats m\u00f6glich, zuviel bezahlte Beitr\u00e4ge werden in der Regel zur\u00fcck erstattet.<\/p>\n\n\n\n<p>Wenn Du Mitglied werden willst, dann lade Dir hier den <a href=\"https:\/\/www.burtscheider-sv.de\/wordpress\/wp-content\/uploads\/2024\/04\/AntragBSVMitgliedschaft2024.pdf\" data-type=\"attachment\" data-id=\"16\">Antrag Mitgliedschaft BSV<\/a> herunter und bring diesen zum n\u00e4chsten Training mit. Du kannst diesen auch unterschrieben per E-Mail an den Vorstand senden.<\/p>\n\n\n\n<p>Jeder in Deutschland eingetragene Verein ben\u00f6tigt eine g\u00fcltige, abgestimmte Satzung, die bestimmte Formalit\u00e4ten regelt.<\/p>\n\n\n\n<p>Unsere geltende Satzung gibt es <a href=\"https:\/\/www.burtscheider-sv.de\/wordpress\/wp-content\/uploads\/2024\/04\/satzung.pdf\" data-type=\"attachment\" data-id=\"17\">an dieser Stelle<\/a>.<\/p>\n","protected":false},"excerpt":{"rendered":"<p>Wir wollen den administrativen Aufwand f\u00fcr die Mitglieder so gering wie m\u00f6glich halten. Die K\u00fcndigung ist 14 Tage zum Ende eines Monats m\u00f6glich, zuviel bezahlte Beitr\u00e4ge werden in der Regel zur\u00fcck erstattet. Wenn Du Mitglied werden willst, dann lade Dir hier den Antrag Mitgliedschaft BSV herunter und bring diesen zum n\u00e4chsten Training mit. Du kannst <span class=\"ellipsis\">&hellip;<\/span> <span class=\"more-link-wrap\"><a href=\"https:\/\/www.burtscheider-sv.de\/wordpress\/beispiel-seite\/formulare\/\" class=\"more-link\"><span>Read More &rarr;<\/span><\/a><\/span><\/p>\n","protected":false},"author":1,"featured_media":0,"parent":2,"menu_order":100,"comment_status":"closed","ping_status":"closed","template":"","meta":{"footnotes":""},"class_list":["post-14","page","type-page","status-publish","hentry"],"_links":{"self":[{"href":"https:\/\/www.burtscheider-sv.de\/wordpress\/wp-json\/wp\/v2\/pages\/14","targetHints":{"allow":["GET"]}}],"collection":[{"href":"https:\/\/www.burtscheider-sv.de\/wordpress\/wp-json\/wp\/v2\/pages"}],"about":[{"href":"https:\/\/www.burtscheider-sv.de\/wordpress\/wp-json\/wp\/v2\/types\/page"}],"author":[{"embeddable":true,"href":"https:\/\/www.burtscheider-sv.de\/wordpress\/wp-json\/wp\/v2\/users\/1"}],"replies":[{"embeddable":true,"href":"https:\/\/www.burtscheider-sv.de\/wordpress\/wp-json\/wp\/v2\/comments?post=14"}],"version-history":[{"count":5,"href":"https:\/\/www.burtscheider-sv.de\/wordpress\/wp-json\/wp\/v2\/pages\/14\/revisions"}],"predecessor-version":[{"id":253,"href":"https:\/\/www.burtscheider-sv.de\/wordpress\/wp-json\/wp\/v2\/pages\/14\/revisions\/253"}],"up":[{"embeddable":true,"href":"https:\/\/www.burtscheider-sv.de\/wordpress\/wp-json\/wp\/v2\/pages\/2"}],"wp:attachment":[{"href":"https:\/\/www.burtscheider-sv.de\/wordpress\/wp-json\/wp\/v2\/media?parent=14"}],"curies":[{"name":"wp","href":"https:\/\/api.w.org\/{rel}","templated":true}]}}